{"id":17,"date":"2022-03-14T22:03:20","date_gmt":"2022-03-14T15:03:20","guid":{"rendered":"http:\/\/192.168.1.249\/houzz\/?page_id=17"},"modified":"2025-01-01T16:48:35","modified_gmt":"2025-01-01T09:48:35","slug":"tam-nhin-su-menh","status":"publish","type":"page","link":"https:\/\/haplast.vn\/vi\/tam-nhin-su-menh\/","title":{"rendered":"T\u1ea7m nh\u00ecn &#038; S\u1ee9 m\u1ec7nh"},"content":{"rendered":"<p>T\u1ea7m nh\u00ecn: h\u1ec7 bao g\u00f3i xanh v\u01b0\u01a1n t\u1ea7m qu\u1ed1c t\u1ebf &#8211; Haplast mong mu\u1ed1n tr\u1edf th\u00e0nh t\u1eadp \u0111o\u00e0n h\u00e0ng \u0111\u1ea7u \u0110\u00f4ng Nam \u00c1, cung c\u1ea5p bao b\u00ec nh\u1ef1a v\u00e0 bao b\u00ec th\u00e2n thi\u1ec7n v\u1edbi m\u00f4i tr\u01b0\u1eddng \u0111\u01b0\u1ee3c tin d\u00f9ng b\u1edbi kh\u00e1ch h\u00e0ng to\u00e0n c\u1ea7u<\/p>\n","protected":false},"excerpt":{"rendered":"<p>T\u1ea7m nh\u00ecn: h\u1ec7 bao g\u00f3i xanh v\u01b0\u01a1n t\u1ea7m qu\u1ed1c t\u1ebf &#8211; Haplast mong mu\u1ed1n tr\u1edf th\u00e0nh t\u1eadp \u0111o\u00e0n h\u00e0ng \u0111\u1ea7u \u0110\u00f4ng Nam \u00c1, cung c\u1ea5p bao b\u00ec nh\u1ef1a v\u00e0 bao b\u00ec th\u00e2n thi\u1ec7n v\u1edbi m\u00f4i tr\u01b0\u1eddng \u0111\u01b0\u1ee3c tin d\u00f9ng b\u1edbi kh\u00e1ch h\u00e0ng to\u00e0n c\u1ea7u<\/p>\n","protected":false},"author":1,"featured_media":0,"parent":0,"menu_order":0,"comment_status":"closed","ping_status":"closed","template":"","meta":{"_monsterinsights_skip_tracking":false,"_monsterinsights_sitenote_active":false,"_monsterinsights_sitenote_note":"","_monsterinsights_sitenote_category":0,"footnotes":""},"class_list":{"0":"post-17","1":"page","2":"type-page","3":"status-publish","5":"entry","6":"clearfix","7":"hocwp-post","8":"author-admin"},"aioseo_notices":[],"_links":{"self":[{"href":"https:\/\/haplast.vn\/vi\/wp-json\/wp\/v2\/pages\/17","targetHints":{"allow":["GET"]}}],"collection":[{"href":"https:\/\/haplast.vn\/vi\/wp-json\/wp\/v2\/pages"}],"about":[{"href":"https:\/\/haplast.vn\/vi\/wp-json\/wp\/v2\/types\/page"}],"author":[{"embeddable":true,"href":"https:\/\/haplast.vn\/vi\/wp-json\/wp\/v2\/users\/1"}],"replies":[{"embeddable":true,"href":"https:\/\/haplast.vn\/vi\/wp-json\/wp\/v2\/comments?post=17"}],"version-history":[{"count":1,"href":"https:\/\/haplast.vn\/vi\/wp-json\/wp\/v2\/pages\/17\/revisions"}],"predecessor-version":[{"id":2803,"href":"https:\/\/haplast.vn\/vi\/wp-json\/wp\/v2\/pages\/17\/revisions\/2803"}],"wp:attachment":[{"href":"https:\/\/haplast.vn\/vi\/wp-json\/wp\/v2\/media?parent=17"}],"curies":[{"name":"wp","href":"https:\/\/api.w.org\/{rel}","templated":true}]}}