{"id":2,"date":"2022-03-14T04:46:41","date_gmt":"2022-03-13T21:46:41","guid":{"rendered":"http:\/\/localhost\/houzz\/?page_id=2"},"modified":"2025-01-01T16:49:51","modified_gmt":"2025-01-01T09:49:51","slug":"gioi-thieu","status":"publish","type":"page","link":"https:\/\/haplast.vn\/vi\/gioi-thieu\/","title":{"rendered":"Gi\u1edbi thi\u1ec7u"},"content":{"rendered":"<p><span style=\"font-weight: 400;\">V\u1edbi g\u1ea7n 20 n\u0103m kinh nghi\u1ec7m ho\u1ea1t \u0111\u1ed9ng trong l\u0129nh v\u1ef1c s\u1ea3n xu\u1ea5t bao b\u00ec v\u00e0 2 nh\u00e0 m\u00e1y c\u00f4ng su\u1ea5t l\u1edbn t\u1ea1i H\u01b0ng Y\u00ean, Haplast t\u1ef1 h\u00e0o l\u00e0 m\u1ed9t trong nh\u1eefng nh\u00e0 s\u1ea3n xu\u1ea5t v\u00e0 xu\u1ea5t kh\u1ea9u h\u00e0ng \u0111\u1ea7u Vi\u1ec7t Nam v\u1ec1 c\u00e1c s\u1ea3n ph\u1ea9m bao b\u00ec, t\u00fai ph\u00e2n h\u1ee7y sinh h\u1ecdc.\u00a0<\/span><\/p>\n<p><span style=\"font-weight: 400;\">M\u1ed7i n\u0103m Haplast c\u00f3 n\u0103ng l\u1ef1c s\u1ea3n xu\u1ea5t l\u00ean \u0111\u1ebfn h\u01a1n 54.000 t\u1ea5n, ph\u1ee5c v\u1ee5 80 qu\u1ed1c gia bao g\u1ed3m c\u00e1c th\u1ecb tr\u01b0\u1eddng kh\u00f3 t\u00ednh nh\u01b0 Nh\u1eadt B\u1ea3n, ch\u00e2u \u00c2u, Hoa K\u1ef3, Anh, Canada, \u0110\u1ee9c, T\u00e2y Ban Nha.\u00a0<\/span><\/p>\n<p><span style=\"font-weight: 400;\">Hi\u1ec7n nay ch\u00fang t\u00f4i cung c\u1ea5p c\u00e1c s\u1ea3n ph\u1ea9m \u0111\u00e1p \u1ee9ng nhu c\u1ea7u \u0111a d\u1ea1ng c\u1ee7a c\u00e1c ng\u00e0nh c\u00f4ng nghi\u1ec7p kh\u00e1c nhau nh\u01b0:<\/span><\/p>\n<ol>\n<li><span style=\"font-weight: 400;\">T\u00fai \u0111\u1ef1ng th\u1ef1c ph\u1ea9m: t\u00fai \u0111\u1ef1ng d\u1ea1ng cu\u1ed9n, t\u00fai zipper, t\u00fai \u0111\u1ef1ng th\u1ef1c ph\u1ea9m s\u1ed1ng,&#8230;<\/span><\/li>\n<li style=\"font-weight: 400;\" aria-level=\"1\"><span style=\"font-weight: 400;\">T\u00fai d\u00f9ng trong v\u1eadn chuy\u1ec3n: t\u00fai b\u01b0u \u0111i\u1ec7n, t\u00fai OPP&amp;PP,&#8230;<\/span><\/li>\n<li style=\"font-weight: 400;\" aria-level=\"1\"><span style=\"font-weight: 400;\">T\u00fai d\u00f9ng cho mua s\u1eafm: T\u00fai c\u00f3 quai m\u1ec1m, t\u00fai c\u00f3 tay c\u1ea7m c\u1ee9ng,&#8230;<\/span><\/li>\n<li style=\"font-weight: 400;\" aria-level=\"1\"><span style=\"font-weight: 400;\">T\u00fai r\u00e1c: T\u00fai cu\u1ed9n, t\u00fai ph\u1eb3ng, t\u00fai \u0111\u00e1y sao,&#8230;<\/span><\/li>\n<li style=\"font-weight: 400;\" aria-level=\"1\"><span style=\"font-weight: 400;\">T\u00fai t\u1ef1 h\u1ee7y sinh h\u1ecdc<\/span><\/li>\n<li style=\"font-weight: 400;\" aria-level=\"1\"><span style=\"font-weight: 400;\">M\u00e0ng v\u00e0 b\u0103ng d\u00ednh cho c\u00f4ng nghi\u1ec7p, th\u01b0\u01a1ng m\u1ea1i,&#8230;<\/span><\/li>\n<li style=\"font-weight: 400;\" aria-level=\"1\"><span style=\"font-weight: 400;\">T\u00fai th\u00e2n hi\u1ec7n v\u1edbi m\u00f4i tr\u01b0\u1eddng: t\u00fai ph\u00e2n h\u1ee7y, t\u00fai t\u00e1i ch\u1ebf, t\u00fai gi\u1ea5y,&#8230;<\/span><\/li>\n<li style=\"font-weight: 400;\" aria-level=\"1\"><span style=\"font-weight: 400;\">T\u00fai l\u01b0\u1edbi, t\u00fai d\u00f9ng cho x\u00e2y d\u1ef1ng<\/span><\/li>\n<li style=\"font-weight: 400;\" aria-level=\"1\"><span style=\"font-weight: 400;\">Bao b\u00ec \u0111\u00f3ng g\u00f3i\u00a0<\/span><\/li>\n<li style=\"font-weight: 400;\" aria-level=\"1\"><span style=\"font-weight: 400;\">T\u00fai \u0111\u1eb7c bi\u1ec7t d\u00f9ng trong l\u0129nh v\u1ef1c ch\u0103m s\u00f3c, s\u1ee9c kh\u1ecfe<\/span><\/li>\n<\/ol>\n<p><span style=\"font-weight: 400;\">Ngo\u00e0i c\u00e1c s\u1ea3n ph\u1ea9m Haplast cung c\u1ea5p, ch\u00fang t\u00f4i c\u0169ng c\u00f3 kh\u1ea3 n\u0103ng OEM (Original Equipment Manufacturer) theo y\u00eau c\u1ea7u c\u1ee7a kh\u00e1ch h\u00e0ng.\u00a0<\/span><\/p>\n<p><span style=\"font-weight: 400;\">Ch\u00fang t\u00f4i t\u1ef1 h\u00e0o l\u00e0 m\u1ed9t trong s\u1ed1 \u00edt doanh nghi\u1ec7p \u0111\u1ea1t \u0111\u01b0\u1ee3c 7 ch\u1ee9ng nh\u1eadn qu\u1ed1c t\u1ebf trong ng\u00e0nh s\u1ea3n xu\u1ea5t bao b\u00ec bao g\u1ed3m JIS (Ti\u00eau chu\u1ea9n C\u00f4ng nghi\u1ec7p Nh\u1eadt B\u1ea3n), FDA (Ti\u00eau chu\u1ea9n ch\u1ea5t l\u01b0\u1ee3ng c\u1ee7a Hoa K\u1ef3), BRC (ti\u00eau chu\u1ea9n ch\u1ea5t l\u01b0\u1ee3ng c\u1ee7a Ch\u00e2u \u00c2u), BSCI (<\/span><span style=\"font-weight: 400;\">tu\u00e2n th\u1ee7 tr\u00e1ch nhi\u1ec7m x\u00e3 h\u1ed9i), GRS (ti\u00eau chu\u1ea9n t\u00e1i ch\u1ebf to\u00e0n c\u1ea7u), SGS (An to\u00e0n v\u1ec7 sinh th\u1ef1c ph\u1ea9m), ISO 9001:2015.\u00a0<\/span><\/p>\n<p><span style=\"font-weight: 400;\">N\u0103m 2019, Haplast vinh d\u1ef1 khi \u0111\u01b0\u1ee3c c\u00f4ng nh\u1eadn l\u00e0 doanh nghi\u1ec7p cam k\u1ebft b\u1ec1n v\u1eefng v\u1edbi m\u00f4i tr\u01b0\u1eddng. Ch\u00fang t\u00f4i c\u0169ng nh\u1eadn \u0111\u01b0\u1ee3c ch\u1ee9ng ch\u1ec9 OK Compost Home v\u00e0 Ok Compost Industrial t\u1eeb TUV B\u1ec9 cho c\u00e1c s\u1ea3n ph\u1ea9m ph\u00e2n h\u1ee7y, th\u00e2n hi\u1ec7n v\u1edbi m\u00f4i tr\u01b0\u1eddng.\u00a0<\/span><\/p>\n<p><span style=\"font-weight: 400;\">Nh\u1eefng ch\u1ee9ng ch\u1ec9 m\u00e0 Haplast \u0111\u1ea1t \u0111\u01b0\u1ee3c trong nh\u1eefng n\u0103m qua l\u00e0 b\u1eb1ng ch\u1ee9ng cho s\u1ef1 n\u1ed7 l\u1ef1c v\u00e0 \u0111\u00f3ng g\u00f3p c\u1ee7a Haplast trong ng\u00e0nh bao b\u00ec. \u0110\u00e2y c\u0169ng l\u00e0 cam k\u1ebft kh\u00f4ng gi\u1ea3m c\u1ee7a Haplast \u0111\u1ed1i v\u1edbi kh\u00e1ch h\u00e0ng trong vi\u1ec7c cung c\u1ea5p c\u00e1c s\u1ea3n ph\u1ea9m bao b\u00ec ch\u1ea5t l\u01b0\u1ee3ng, v\u01b0\u1ee3t qua c\u00e1c ti\u00eau chu\u1ea9n cao nh\u1ea5t trong ng\u00e0nh v\u00e0 an to\u00e0n tuy\u1ec7t \u0111\u1ed1i cho kh\u00e1ch h\u00e0ng.\u00a0<\/span><\/p>\n<p>Li\u00ean h\u1ec7 v\u1edbi ch\u00fang t\u00f4i th\u00f4ng qua:<\/p>\n<div id=\"input_line_21\"><span id=\"input_part_0\" class=\"\" data-mention=\"WEBSITE: haplast.vn\"><strong>WEBSITE<\/strong>: haplast.vn<\/span><\/div>\n<div id=\"input_line_22\"><span id=\"input_part_0\" class=\"\" data-mention=\"FACTORY 1: Do Ha Village, Quang Vinh Commune, An Thi District, Hung Yen Province, Vietnam 160000\"><strong>FACTORY 1<\/strong>: Do Ha Village, Quang Vinh Commune, An Thi District, Hung Yen Province, Vietnam 160000<\/span><\/div>\n<div id=\"input_line_23\"><span id=\"input_part_0\" class=\"\" data-mention=\"FACTORY 2: Bai Say Commune, An Thi district, Hung Yen, Vietnam 160000\"><strong>FACTORY 2<\/strong>: Bai Say Commune, An Thi district, Hung Yen, Vietnam 160000<\/span><\/div>\n<div id=\"input_line_24\"><span id=\"input_part_0\" class=\"\" data-mention=\"HEAD OFFICE: 8th floor, Trico Building, 548 Nguyen Van Cu, Long Bien, Hanoi, Vietnam 100000\"><strong>HEAD OFFICE<\/strong>: 8th floor, Trico Building, 548 Nguyen Van Cu, Long Bien, Hanoi, Vietnam 100000<\/span><\/div>\n<div id=\"input_line_25\"><span id=\"input_part_0\" class=\"\" data-mention=\"Hotline: +84 966 34 66 68 \/ Email: president@haplast.vn - info@haplast.vn\"><strong>Hotline<\/strong>: +84 966 34 66 68 \/\u00a0<strong>Email<\/strong>: president@haplast.vn \u2013 info@haplast.vn<\/span><\/div>\n<div id=\"input_line_26\"><span id=\"input_part_0\" class=\"\" data-mention=\"FINLAND OFFICE: Porkkanakatu 3B 10, 70820 Kuopio Finland\"><strong>FINLAND OFFICE<\/strong>: Porkkanakatu 3B 10, 70820 Kuopio Finland<\/span><\/div>\n<div id=\"input_line_27\"><span id=\"input_part_0\" class=\"\" data-mention=\"Hotline: +358503365831 \/ Email: Jimmytran@haplast.vn\"><strong>Hotline<\/strong>: +358503365831 \/\u00a0<strong>Email<\/strong>: Jimmytran@haplast.vn<\/span><\/div>\n<div id=\"input_line_28\"><span id=\"input_part_0\" class=\"\" data-mention=\"USA OFFICE: 6400 Seven Corners Pl C, Falls Church, VA 22044, United States\"><strong>USA OFFICE<\/strong>: 6400 Seven Corners Pl C, Falls Church, VA 22044, United States<\/span><\/div>\n<div id=\"input_line_29\"><span id=\"input_part_0\" class=\"\" data-mention=\"Hotline: +1 (703) 879-7089 \/ Email: haplastus@haplast.vn\"><strong>Hotline<\/strong>: +1 (703) 879-7089 \/\u00a0<strong>Email<\/strong>: haplastus@haplast.vn<\/span><\/div>\n<p>&nbsp;<\/p>\n","protected":false},"excerpt":{"rendered":"<p>V\u1edbi g\u1ea7n 20 n\u0103m kinh nghi\u1ec7m ho\u1ea1t \u0111\u1ed9ng trong l\u0129nh v\u1ef1c s\u1ea3n xu\u1ea5t bao b\u00ec v\u00e0 2 nh\u00e0 m\u00e1y c\u00f4ng su\u1ea5t l\u1edbn t\u1ea1i H\u01b0ng Y\u00ean, Haplast t\u1ef1 h\u00e0o l\u00e0 m\u1ed9t trong nh\u1eefng nh\u00e0 s\u1ea3n xu\u1ea5t v\u00e0 xu\u1ea5t kh\u1ea9u h\u00e0ng \u0111\u1ea7u Vi\u1ec7t Nam v\u1ec1 c\u00e1c s\u1ea3n ph\u1ea9m bao b\u00ec, t\u00fai ph\u00e2n h\u1ee7y sinh h\u1ecdc.\u00a0 M\u1ed7i n\u0103m [&hellip;]<\/p>\n","protected":false},"author":1,"featured_media":0,"parent":0,"menu_order":0,"comment_status":"closed","ping_status":"closed","template":"","meta":{"_monsterinsights_skip_tracking":false,"_monsterinsights_sitenote_active":false,"_monsterinsights_sitenote_note":"","_monsterinsights_sitenote_category":0,"footnotes":""},"class_list":{"0":"post-2","1":"page","2":"type-page","3":"status-publish","5":"entry","6":"clearfix","7":"hocwp-post","8":"author-admin"},"aioseo_notices":[],"_links":{"self":[{"href":"https:\/\/haplast.vn\/vi\/wp-json\/wp\/v2\/pages\/2","targetHints":{"allow":["GET"]}}],"collection":[{"href":"https:\/\/haplast.vn\/vi\/wp-json\/wp\/v2\/pages"}],"about":[{"href":"https:\/\/haplast.vn\/vi\/wp-json\/wp\/v2\/types\/page"}],"author":[{"embeddable":true,"href":"https:\/\/haplast.vn\/vi\/wp-json\/wp\/v2\/users\/1"}],"replies":[{"embeddable":true,"href":"https:\/\/haplast.vn\/vi\/wp-json\/wp\/v2\/comments?post=2"}],"version-history":[{"count":1,"href":"https:\/\/haplast.vn\/vi\/wp-json\/wp\/v2\/pages\/2\/revisions"}],"predecessor-version":[{"id":2496,"href":"https:\/\/haplast.vn\/vi\/wp-json\/wp\/v2\/pages\/2\/revisions\/2496"}],"wp:attachment":[{"href":"https:\/\/haplast.vn\/vi\/wp-json\/wp\/v2\/media?parent=2"}],"curies":[{"name":"wp","href":"https:\/\/api.w.org\/{rel}","templated":true}]}}